{"id":9214,"date":"2022-09-26T21:19:43","date_gmt":"2022-09-26T19:19:43","guid":{"rendered":"https:\/\/heilemann.online\/familienangebote\/"},"modified":"2025-07-03T16:10:13","modified_gmt":"2025-07-03T14:10:13","slug":"familienangebote","status":"publish","type":"page","link":"https:\/\/heilemann.online\/en_en\/familienangebote\/","title":{"rendered":"familienangebote"},"content":{"rendered":"<div data-colibri-id=\"9214-c1\" class=\"style-3809 style-local-9214-c1 position-relative\">\n  <!---->\n  <div data-colibri-component=\"section\" data-colibri-id=\"9214-c2\" id=\"about\" class=\"h-section h-section-global-spacing d-flex align-items-lg-center align-items-md-center align-items-center style-3810 style-local-9214-c2 position-relative\">\n    <!---->\n    <!---->\n    <div class=\"h-section-grid-container h-section-boxed-container\">\n      <!---->\n      <div data-colibri-id=\"9214-c3\" class=\"h-row-container gutters-row-lg-0 gutters-row-md-0 gutters-row-0 gutters-row-v-lg-0 gutters-row-v-md-0 gutters-row-v-0 style-3811 style-local-9214-c3 position-relative\">\n        <!---->\n        <div class=\"h-row justify-content-lg-center justify-content-md-center justify-content-center align-items-lg-stretch align-items-md-stretch align-items-stretch gutters-col-lg-0 gutters-col-md-0 gutters-col-0 gutters-col-v-lg-0 gutters-col-v-md-0 gutters-col-v-0\">\n          <!---->\n          <div class=\"h-column h-column-container d-flex h-col-lg-auto h-col-md-auto h-col-auto style-3812-outer style-local-9214-c4-outer\">\n            <div data-colibri-id=\"9214-c4\" class=\"d-flex h-flex-basis h-column__inner h-px-lg-0 h-px-md-0 h-px-0 v-inner-lg-0 v-inner-md-0 v-inner-0 style-3812 style-local-9214-c4 position-relative\">\n              <!---->\n              <!---->\n              <div class=\"w-100 h-y-container h-column__content h-column__v-align flex-basis-100 align-self-lg-start align-self-md-start align-self-start\">\n                <!---->\n                <div data-colibri-id=\"9214-c5\" class=\"h-global-transition-all h-heading style-3814 style-local-9214-c5 position-relative h-element\">\n                  <!---->\n                  <div class=\"h-heading__outer style-3814 style-local-9214-c5\">\n                    <!---->\n                    <!---->\n                    <h2 class=\"\">Baby cot<\/h2>\n                  <\/div>\n                <\/div>\n                <div data-colibri-id=\"9214-c6\" class=\"h-text h-text-component style-3815 style-local-9214-c6 position-relative h-element\">\n                  <!---->\n                  <!---->\n                  <div class=\"\">\n                    <p>We have a travel cot in the hotel for families with a small child.<\/p>\n                    <p>Just call us at\n                      <a href=\"tel:+495925255\">05925 255<\/a> and book your room with a travel cot.<\/p>\n                    <p>We charge a surcharge of 10 euros for the travel cot. The travel cot can only be booked by telephone.\n                      <br>\n                    <\/p>\n                  <\/div>\n                <\/div>\n              <\/div>\n            <\/div>\n          <\/div>\n          <div class=\"h-column h-column-container d-flex h-col-lg-auto h-col-md-auto h-col-auto style-3816-outer style-local-9214-c7-outer\">\n            <div data-colibri-id=\"9214-c7\" class=\"d-flex h-flex-basis h-column__inner h-ui-empty-state-container h-px-lg-2 h-px-md-2 h-px-2 v-inner-lg-2 v-inner-md-2 v-inner-2 style-3816 style-local-9214-c7 position-relative\">\n              <!---->\n              <!---->\n              <div class=\"w-100 h-y-container h-column__content h-column__v-align flex-basis-100\">\n                <!---->\n              <\/div>\n            <\/div>\n          <\/div>\n        <\/div>\n      <\/div>\n      <div data-colibri-id=\"9214-c8\" class=\"h-row-container gutters-row-lg-2 gutters-row-md-2 gutters-row-0 gutters-row-v-lg-2 gutters-row-v-md-2 gutters-row-v-2 style-3820 style-local-9214-c8 position-relative\">\n        <!---->\n        <div class=\"h-row justify-content-lg-center justify-content-md-center justify-content-center align-items-lg-stretch align-items-md-stretch align-items-stretch gutters-col-lg-2 gutters-col-md-2 gutters-col-0 gutters-col-v-lg-2 gutters-col-v-md-2 gutters-col-v-2\">\n          <!---->\n          <div class=\"h-column h-column-container d-flex h-col-lg-auto h-col-md-auto h-col-auto style-3821-outer style-local-9214-c9-outer\">\n            <div data-colibri-id=\"9214-c9\" class=\"d-flex h-flex-basis h-column__inner h-px-lg-2 h-px-md-2 h-px-2 v-inner-lg-2 v-inner-md-2 v-inner-2 style-3821 style-local-9214-c9 position-relative\">\n              <!---->\n              <!---->\n              <div class=\"w-100 h-y-container h-column__content h-column__v-align flex-basis-100 align-self-lg-start align-self-md-start align-self-start\">\n                <!---->\n                <div data-colibri-id=\"9214-c10\" class=\"h-text h-text-component style-3822 style-local-9214-c10 position-relative h-element\">\n                  <!---->\n                  <!---->\n                  <div class=\"\">\n                    <p>For families with older children, our\n                      <a href=\"https:\/\/heilemann.online\/en_en\/familiensuite\/\">Family Suite<\/a> or one of our\n                      <a href=\"https:\/\/heilemann.online\/en_en\/appartement\/\">our appartements<span class=\"ql-cursor\"><\/span><\/a> the right choice.\n                      <br>\n                    <\/p>\n                  <\/div>\n                <\/div>\n              <\/div>\n            <\/div>\n          <\/div>\n        <\/div>\n      <\/div>\n    <\/div>\n  <\/div>\n<\/div>","protected":false},"excerpt":{"rendered":"<p>Babybett F\u00fcr Familien mit einem Kleinkind haben wir ein Reisebett im Hotel. Ruf uns einfach unter 05925 255 an und reserviere dein Zimmer mit einem Reisebett. F\u00fcr das Reisebett berechnen wir einen Aufpreis von 10 Euro. Das Reisebett ist ausschlie\u00dflich telefonisch zu reservieren. F\u00fcr Familien mit gro\u00dfen Kindern ist unsere Familien-Suite oder eines unser Appartements\ufeff [&hellip;]<\/p>\n","protected":false},"author":1,"featured_media":0,"parent":0,"menu_order":0,"comment_status":"closed","ping_status":"closed","template":"page-templates\/full-width-page.php","meta":{"jetpack_post_was_ever_published":false,"footnotes":""},"class_list":["post-9214","page","type-page","status-publish","hentry"],"aioseo_notices":[],"jetpack_sharing_enabled":true,"jetpack_shortlink":"https:\/\/wp.me\/P9UL7P-2oC","_links":{"self":[{"href":"https:\/\/heilemann.online\/en_en\/wp-json\/wp\/v2\/pages\/9214","targetHints":{"allow":["GET"]}}],"collection":[{"href":"https:\/\/heilemann.online\/en_en\/wp-json\/wp\/v2\/pages"}],"about":[{"href":"https:\/\/heilemann.online\/en_en\/wp-json\/wp\/v2\/types\/page"}],"author":[{"embeddable":true,"href":"https:\/\/heilemann.online\/en_en\/wp-json\/wp\/v2\/users\/1"}],"replies":[{"embeddable":true,"href":"https:\/\/heilemann.online\/en_en\/wp-json\/wp\/v2\/comments?post=9214"}],"version-history":[{"count":5,"href":"https:\/\/heilemann.online\/en_en\/wp-json\/wp\/v2\/pages\/9214\/revisions"}],"predecessor-version":[{"id":18299,"href":"https:\/\/heilemann.online\/en_en\/wp-json\/wp\/v2\/pages\/9214\/revisions\/18299"}],"wp:attachment":[{"href":"https:\/\/heilemann.online\/en_en\/wp-json\/wp\/v2\/media?parent=9214"}],"curies":[{"name":"wp","href":"https:\/\/api.w.org\/{rel}","templated":true}]}}