{"id":296,"date":"2018-03-29T18:23:29","date_gmt":"2018-03-29T16:23:29","guid":{"rendered":"http:\/\/heilemann.online\/?page_id=296"},"modified":"2025-07-03T15:23:23","modified_gmt":"2025-07-03T13:23:23","slug":"infrarot-waermekabine","status":"publish","type":"page","link":"https:\/\/heilemann.online\/en_en\/infrarot-waermekabine\/","title":{"rendered":"Infrared cabin"},"content":{"rendered":"<div data-colibri-id=\"296-c1\" class=\"style-1826 style-local-296-c1 position-relative\">\n  <!---->\n  <div data-colibri-component=\"section\" data-colibri-id=\"296-c2\" id=\"initial-content\" class=\"h-section h-section-global-spacing d-flex align-items-lg-center align-items-md-center align-items-center style-1827 style-local-296-c2 position-relative\">\n    <!---->\n    <!---->\n    <div class=\"h-section-grid-container h-section-boxed-container\">\n      <!---->\n      <div data-colibri-id=\"296-c3\" class=\"h-row-container gutters-row-lg-2 gutters-row-md-2 gutters-row-0 gutters-row-v-lg-2 gutters-row-v-md-2 gutters-row-v-2 style-1862 style-local-296-c3 position-relative\">\n        <!---->\n        <div class=\"h-row justify-content-lg-center justify-content-md-center justify-content-center align-items-lg-stretch align-items-md-stretch align-items-stretch gutters-col-lg-2 gutters-col-md-2 gutters-col-0 gutters-col-v-lg-2 gutters-col-v-md-2 gutters-col-v-2\">\n          <!---->\n          <div class=\"h-column h-column-container d-flex h-col-lg-auto h-col-md-auto h-col-auto style-1863-outer style-local-296-c4-outer\">\n            <div data-colibri-id=\"296-c4\" class=\"d-flex h-flex-basis h-column__inner h-px-lg-2 h-px-md-2 h-px-2 v-inner-lg-2 v-inner-md-2 v-inner-2 style-1863 style-local-296-c4 position-relative\">\n              <!---->\n              <!---->\n              <div class=\"w-100 h-y-container h-column__content h-column__v-align flex-basis-100 align-self-lg-start align-self-md-start align-self-start\">\n                <!---->\n                <div data-colibri-id=\"296-c5\" class=\"h-text h-text-component style-1864 style-local-296-c5 position-relative h-element\">\n                  <!---->\n                  <!---->\n                  <div class=\"\">\n                    <p>A heat bath in an infrared cabin is the gentle alternative to a sauna. Unlike a Finnish sauna, in which the air is heated by a sauna heater, the heat in an infrared cabin is generated by the infrared rays hitting the skin.<\/p>\n                    <p>The feeling of this radiant heat is comparable to the sensation of warm sun rays on the skin. The infrared heat not only feels very pleasant, but can also have a positive effect on your health: The approx. 45 \u00b0C warm rays gently stimulate the body to sweat, have a relaxing effect and at the same time stimulate blood circulation and metabolism.<\/p>\n                    <h4>Our infrared cabin is currently available exclusively to our hotel guests.<\/h4>\n                    <p>We charge 5.00 euros for a 30-minute session<\/p>\n                  <\/div>\n                <\/div>\n              <\/div>\n            <\/div>\n          <\/div>\n        <\/div>\n      <\/div>\n    <\/div>\n  <\/div>\n<\/div>","protected":false},"excerpt":{"rendered":"<p>Ein W\u00e4rmebad in einer Infrarot-W\u00e4rmekabine ist die sanfte Alternative zur Sauna. Denn im Gegensatz zur finnischen Sauna, in der die Luft durch einen Saunaofen erhitzt wird, entsteht die W\u00e4rme in einer Infrarotkabine durch das Auftreffen der Infrarotstrahlen auf der Haut. Das Gef\u00fchl dieser Strahlungsw\u00e4rme ist vergleichbar mit dem Empfinden warmer Sonnenstrahlen auf der Haut. Dabei [&hellip;]<\/p>\n","protected":false},"author":1,"featured_media":612,"parent":0,"menu_order":0,"comment_status":"closed","ping_status":"closed","template":"page-templates\/full-width-page.php","meta":{"jetpack_post_was_ever_published":false,"footnotes":""},"class_list":["post-296","page","type-page","status-publish","has-post-thumbnail","hentry"],"aioseo_notices":[],"jetpack_sharing_enabled":true,"jetpack_shortlink":"https:\/\/wp.me\/P9UL7P-4M","_links":{"self":[{"href":"https:\/\/heilemann.online\/en_en\/wp-json\/wp\/v2\/pages\/296","targetHints":{"allow":["GET"]}}],"collection":[{"href":"https:\/\/heilemann.online\/en_en\/wp-json\/wp\/v2\/pages"}],"about":[{"href":"https:\/\/heilemann.online\/en_en\/wp-json\/wp\/v2\/types\/page"}],"author":[{"embeddable":true,"href":"https:\/\/heilemann.online\/en_en\/wp-json\/wp\/v2\/users\/1"}],"replies":[{"embeddable":true,"href":"https:\/\/heilemann.online\/en_en\/wp-json\/wp\/v2\/comments?post=296"}],"version-history":[{"count":6,"href":"https:\/\/heilemann.online\/en_en\/wp-json\/wp\/v2\/pages\/296\/revisions"}],"predecessor-version":[{"id":17150,"href":"https:\/\/heilemann.online\/en_en\/wp-json\/wp\/v2\/pages\/296\/revisions\/17150"}],"wp:featuredmedia":[{"embeddable":true,"href":"https:\/\/heilemann.online\/en_en\/wp-json\/wp\/v2\/media\/612"}],"wp:attachment":[{"href":"https:\/\/heilemann.online\/en_en\/wp-json\/wp\/v2\/media?parent=296"}],"curies":[{"name":"wp","href":"https:\/\/api.w.org\/{rel}","templated":true}]}}