{"id":280,"date":"2018-03-29T17:34:16","date_gmt":"2018-03-29T15:34:16","guid":{"rendered":"http:\/\/heilemann.online\/?page_id=280"},"modified":"2025-07-03T16:13:19","modified_gmt":"2025-07-03T14:13:19","slug":"tagungen-und-versammlungen","status":"publish","type":"page","link":"https:\/\/heilemann.online\/en_en\/tagungen-und-versammlungen\/","title":{"rendered":"Conferences and meetings"},"content":{"rendered":"<div data-colibri-id=\"280-c1\" class=\"style-4153 style-local-280-c1 position-relative\">\n  <!---->\n  <div data-colibri-component=\"section\" data-colibri-id=\"280-c2\" id=\"about\" class=\"h-section h-section-global-spacing d-flex align-items-lg-center align-items-md-center align-items-center style-4162 style-local-280-c2 position-relative\">\n    <!---->\n    <!---->\n    <div class=\"h-section-grid-container h-section-boxed-container\">\n      <!---->\n      <div data-colibri-id=\"280-c3\" class=\"h-row-container gutters-row-lg-0 gutters-row-md-0 gutters-row-0 gutters-row-v-lg-0 gutters-row-v-md-0 gutters-row-v-0 style-4163 style-local-280-c3 position-relative\">\n        <!---->\n        <div class=\"h-row justify-content-lg-center justify-content-md-center justify-content-center align-items-lg-stretch align-items-md-stretch align-items-stretch gutters-col-lg-0 gutters-col-md-0 gutters-col-0 gutters-col-v-lg-0 gutters-col-v-md-0 gutters-col-v-0\">\n          <!---->\n          <div class=\"h-column h-column-container d-flex h-col-lg-auto h-col-md-auto h-col-auto style-4164-outer style-local-280-c4-outer\">\n            <div data-colibri-id=\"280-c4\" class=\"d-flex h-flex-basis h-column__inner h-ui-empty-state-container h-px-lg-0 h-px-md-0 h-px-0 v-inner-lg-0 v-inner-md-0 v-inner-0 style-4164 style-local-280-c4 position-relative\">\n              <!---->\n              <!---->\n              <div class=\"w-100 h-y-container h-column__content h-column__v-align flex-basis-100\">\n                <!---->\n              <\/div>\n            <\/div>\n          <\/div>\n          <div class=\"h-column h-column-container d-flex h-col-lg-auto h-col-md-auto h-col-auto style-4165-outer style-local-280-c5-outer\">\n            <div data-colibri-id=\"280-c5\" class=\"d-flex h-flex-basis h-column__inner h-px-lg-2 h-px-md-2 h-px-2 v-inner-lg-2 v-inner-md-2 v-inner-2 style-4165 style-local-280-c5 position-relative\">\n              <!---->\n              <!---->\n              <div class=\"w-100 h-y-container h-column__content h-column__v-align flex-basis-100 align-self-lg-start align-self-md-start align-self-start\">\n                <!---->\n                <div data-colibri-id=\"280-c6\" class=\"h-global-transition-all h-heading style-4167 style-local-280-c6 position-relative h-element\">\n                  <!---->\n                  <div class=\"h-heading__outer style-4167 style-local-280-c6\">\n                    <!---->\n                    <!---->\n                    <h2 class=\"\">Conferences and meetings<\/h2>\n                  <\/div>\n                <\/div>\n                <div data-colibri-id=\"280-c7\" class=\"h-text h-text-component style-4168 style-local-280-c7 position-relative h-element\">\n                  <!---->\n                  <!---->\n                  <div class=\"\">\n                    <p>Our function room is the perfect venue for events of all types and sizes. With space for 2 to 200 people, it is ideal for conferences, meetings, workshops, conventions and celebrations. The room can be divided into several smaller rooms in order to be more flexibly adapted to the needs of the event.<\/p>\n                    <p>Food and drinks can easily be organised to round off your event. WLAN is also available so that participants can stay online at all times. A screen and flipchart are available to support presentations and workshops.<\/p>\n                    <p>The event room is easy to reach and offers sufficient parking spaces for all participants. All in all, our room offers everything you need for a successful event.<\/p>\n                  <\/div>\n                <\/div>\n              <\/div>\n            <\/div>\n          <\/div>\n        <\/div>\n      <\/div>\n    <\/div>\n  <\/div>\n  <div data-colibri-component=\"section\" data-colibri-id=\"280-c8\" id=\"initial-content\" class=\"h-section h-section-global-spacing d-flex align-items-lg-center align-items-md-center align-items-center style-4154 style-local-280-c8 position-relative\">\n    <!---->\n    <!---->\n    <div class=\"h-section-grid-container h-section-boxed-container\">\n      <!---->\n      <div data-colibri-id=\"280-c9\" class=\"h-row-container gutters-row-lg-2 gutters-row-md-2 gutters-row-0 gutters-row-v-lg-2 gutters-row-v-md-2 gutters-row-v-2 style-4158 style-local-280-c9 position-relative\">\n        <!---->\n        <div class=\"h-row justify-content-lg-center justify-content-md-center justify-content-center align-items-lg-stretch align-items-md-stretch align-items-stretch gutters-col-lg-2 gutters-col-md-2 gutters-col-0 gutters-col-v-lg-2 gutters-col-v-md-2 gutters-col-v-2\">\n          <!---->\n          <div class=\"h-column h-column-container d-flex h-col-lg-auto h-col-md-auto h-col-auto style-4159-outer style-local-280-c10-outer\">\n            <div data-colibri-id=\"280-c10\" class=\"d-flex h-flex-basis h-column__inner h-px-lg-2 h-px-md-2 h-px-2 v-inner-lg-2 v-inner-md-2 v-inner-2 style-4159 style-local-280-c10 position-relative\">\n              <!---->\n              <!---->\n              <div class=\"w-100 h-y-container h-column__content h-column__v-align flex-basis-100 align-self-lg-start align-self-md-start align-self-start\">\n                <!---->\n                <div data-colibri-id=\"280-c11\" class=\"h-text h-text-component style-4160 style-local-280-c11 position-relative h-element\">\n                  <!---->\n                  <!---->\n                  <div class=\"\">\n                    <h2>Offers and price list<\/h2>\n                    <p><strong style=\"font-weight: 700;\">Room rents*<\/strong>\n                      <br>A part of our hall, approx. 80m\u00b2 50,00 \u20ac\n                      <br>Beide Saalteile, approx. 160m\u00b2 \u20ac 100.00<\/p>\n                    <p>We can provide the following technology on request:<\/p>\n                    <ul>\n                      <li>Screen for a projector<\/li>\n                      <li>Flipchart<\/li>\n                      <li>Microphone system<\/li>\n                    <\/ul>\n                    <p><strong style=\"font-weight: 700;\">Catering**<\/strong><\/p>\n                    <p>Coffee, mineral water and apple juice\n                      <br>mornings or afternoons only \u20ac 9.90<\/p>\n                    <p>Coffee, <span style=\"font-weight: 400; font-size: 16px; font-family: &quot;Open Sans&quot;; color: rgb(37, 41, 42);\">Mineral water and apple juice<\/span>\n                      <br>Morning and afternoon (08:00-17:00) 14,90 \u20ac<\/p>\n                    <p>Lunch, one main course of your choice \u20ac 19.90\n                      <br>additionally a soup 3,90 \u20ac\n                      <br>additionally a dessert 4,90 \u20ac<\/p>\n                    <p>Two half sandwiches \u20ac 4.00<\/p>\n                  <\/div>\n                <\/div>\n              <\/div>\n            <\/div>\n          <\/div>\n        <\/div>\n      <\/div>\n    <\/div>\n  <\/div>\n<\/div>","protected":false},"excerpt":{"rendered":"<p>Tagungen und Versammlungen Unser Veranstaltungsraum ist der perfekte Ort f\u00fcr Veranstaltungen jeder Art und Gr\u00f6\u00dfe. Mit Platz f\u00fcr 2 bis 200 Personen ist er ideal f\u00fcr Konferenzen, Meetings, Workshops, Tagungen und Feiern. Der Raum kann in mehrere kleinere R\u00e4ume unterteilt werden, um flexibler auf die Bed\u00fcrfnisse der Veranstaltung angepasst werden zu k\u00f6nnen. Speisen und Getr\u00e4nke [&hellip;]<\/p>\n","protected":false},"author":1,"featured_media":610,"parent":0,"menu_order":0,"comment_status":"closed","ping_status":"closed","template":"page-templates\/full-width-page.php","meta":{"jetpack_post_was_ever_published":false,"footnotes":""},"class_list":["post-280","page","type-page","status-publish","has-post-thumbnail","hentry"],"aioseo_notices":[],"jetpack_sharing_enabled":true,"jetpack_shortlink":"https:\/\/wp.me\/P9UL7P-4w","_links":{"self":[{"href":"https:\/\/heilemann.online\/en_en\/wp-json\/wp\/v2\/pages\/280","targetHints":{"allow":["GET"]}}],"collection":[{"href":"https:\/\/heilemann.online\/en_en\/wp-json\/wp\/v2\/pages"}],"about":[{"href":"https:\/\/heilemann.online\/en_en\/wp-json\/wp\/v2\/types\/page"}],"author":[{"embeddable":true,"href":"https:\/\/heilemann.online\/en_en\/wp-json\/wp\/v2\/users\/1"}],"replies":[{"embeddable":true,"href":"https:\/\/heilemann.online\/en_en\/wp-json\/wp\/v2\/comments?post=280"}],"version-history":[{"count":7,"href":"https:\/\/heilemann.online\/en_en\/wp-json\/wp\/v2\/pages\/280\/revisions"}],"predecessor-version":[{"id":17245,"href":"https:\/\/heilemann.online\/en_en\/wp-json\/wp\/v2\/pages\/280\/revisions\/17245"}],"wp:featuredmedia":[{"embeddable":true,"href":"https:\/\/heilemann.online\/en_en\/wp-json\/wp\/v2\/media\/610"}],"wp:attachment":[{"href":"https:\/\/heilemann.online\/en_en\/wp-json\/wp\/v2\/media?parent=280"}],"curies":[{"name":"wp","href":"https:\/\/api.w.org\/{rel}","templated":true}]}}