{"id":14385,"date":"2024-11-11T19:49:38","date_gmt":"2024-11-11T18:49:38","guid":{"rendered":"https:\/\/heilemann.online\/gaestekarte\/"},"modified":"2025-07-03T15:37:16","modified_gmt":"2025-07-03T13:37:16","slug":"gaestekarte","status":"publish","type":"page","link":"https:\/\/heilemann.online\/en_en\/gaestekarte\/","title":{"rendered":"gaestekarte"},"content":{"rendered":"<div data-colibri-id=\"14385-c1\" class=\"style-5177 style-local-14385-c1 position-relative\">\n  <!---->\n  <div data-colibri-component=\"section\" data-colibri-id=\"14385-c2\" id=\"kurzinfo-gaestekarte\" class=\"h-section h-section-global-spacing d-flex align-items-lg-center align-items-md-center align-items-center style-5185 style-local-14385-c2 position-relative\">\n    <!---->\n    <!---->\n    <div class=\"h-section-grid-container h-section-boxed-container\">\n      <!---->\n      <div data-colibri-id=\"14385-c3\" class=\"h-row-container gutters-row-lg-0 gutters-row-md-0 gutters-row-0 gutters-row-v-lg-0 gutters-row-v-md-0 gutters-row-v-0 style-5186 style-local-14385-c3 position-relative\">\n        <!---->\n        <div class=\"h-row justify-content-lg-center justify-content-md-center justify-content-center align-items-lg-stretch align-items-md-stretch align-items-stretch gutters-col-lg-0 gutters-col-md-0 gutters-col-0 gutters-col-v-lg-0 gutters-col-v-md-0 gutters-col-v-0\">\n          <!---->\n          <div class=\"h-column h-column-container d-flex h-col-lg-auto h-col-md-auto h-col-auto style-5187-outer style-local-14385-c4-outer\">\n            <div data-colibri-id=\"14385-c4\" class=\"d-flex h-flex-basis h-column__inner h-px-lg-0 h-px-md-0 h-px-0 v-inner-lg-0 v-inner-md-0 v-inner-0 style-5187 style-local-14385-c4 position-relative\">\n              <!---->\n              <!---->\n              <div class=\"w-100 h-y-container h-column__content h-column__v-align flex-basis-100 align-self-lg-start align-self-md-start align-self-start\">\n                <!---->\n                <div data-colibri-id=\"14385-c5\" class=\"h-global-transition-all h-heading style-5188 style-local-14385-c5 position-relative h-element\">\n                  <!---->\n                  <div class=\"h-heading__outer style-5188 style-local-14385-c5\">\n                    <!---->\n                    <!---->\n                    <h5 class=\"\">Grafschafter Guest card<\/h5>\n                  <\/div>\n                <\/div>\n                <div data-colibri-id=\"14385-c6\" class=\"h-global-transition-all h-heading style-5189 style-local-14385-c6 position-relative h-element\">\n                  <!---->\n                  <div class=\"h-heading__outer style-5189 style-local-14385-c6\">\n                    <!---->\n                    <!---->\n                    <h2 class=\"\"> Lots of discounts and free travel on buses and trains! <\/h2>\n                  <\/div>\n                <\/div>\n                <div data-colibri-id=\"14385-c7\" class=\"h-text h-text-component style-5190 style-local-14385-c7 position-relative h-element\">\n                  <!---->\n                  <!---->\n                  <div class=\"\">\n                    <p>As our guest, you can receive a \"Grafschafter Guest Card\" free of charge. This entitles you to many discounts and free use of local public transport. You can find more information on the website of our tourism association.\n                      <br>\n                    <\/p>\n                  <\/div>\n                <\/div>\n                <div data-colibri-id=\"14385-c8\" class=\"h-x-container style-5192 style-local-14385-c8 position-relative h-element\">\n                  <!---->\n                  <div class=\"h-x-container-inner style-dynamic-14385-c8-group style-5192-spacing style-local-14385-c8-spacing\"><span class=\"h-button__outer style-5193-outer style-local-14385-c9-outer d-inline-flex h-element\"><a h-use-smooth-scroll=\"true\" href=\"https:\/\/www.grafschaft-bentheim-tourismus.de\/service-kontakt\/gaestekarte\" data-default-type=\"iframe\" data-fancybox=\"section-group-ccpzf2TQDmshZRX8xkfxH6\"  data-colibri-id=\"14385-c9\" class=\"d-flex w-100 align-items-center h-button justify-content-lg-center justify-content-md-center justify-content-center style-5193 style-local-14385-c9 position-relative\"><!----><!----> <span>More info<\/span><\/a>\n                    <\/span>\n                  <\/div>\n                <\/div>\n              <\/div>\n            <\/div>\n          <\/div>\n          <div class=\"h-column h-column-container d-flex h-col-lg-auto h-col-md-auto h-col-auto style-5191-outer style-local-14385-c10-outer\">\n            <div data-colibri-id=\"14385-c10\" class=\"d-flex h-flex-basis h-column__inner h-ui-empty-state-container h-px-lg-2 h-px-md-2 h-px-2 v-inner-lg-2 v-inner-md-2 v-inner-2 style-5191 style-local-14385-c10 position-relative\">\n              <!---->\n              <!---->\n              <div class=\"w-100 h-y-container h-column__content h-column__v-align flex-basis-100\">\n                <!---->\n              <\/div>\n            <\/div>\n          <\/div>\n        <\/div>\n      <\/div>\n    <\/div>\n  <\/div>\n  <div data-colibri-component=\"section\" data-colibri-id=\"14385-c11\" id=\"gaestekartenformular\" class=\"h-section h-section-global-spacing d-flex align-items-lg-center align-items-md-center align-items-center style-5178 style-local-14385-c11 position-relative\">\n    <!---->\n    <!---->\n    <div class=\"h-section-grid-container h-section-boxed-container\">\n      <!---->\n      <div data-colibri-id=\"14385-c12\" class=\"h-row-container gutters-row-lg-2 gutters-row-md-2 gutters-row-0 gutters-row-v-lg-2 gutters-row-v-md-2 gutters-row-v-2 style-5194 style-local-14385-c12 position-relative\">\n        <!---->\n        <div class=\"h-row justify-content-lg-center justify-content-md-center justify-content-center align-items-lg-stretch align-items-md-stretch align-items-stretch gutters-col-lg-2 gutters-col-md-2 gutters-col-0 gutters-col-v-lg-2 gutters-col-v-md-2 gutters-col-v-2\">\n          <!---->\n          <div class=\"h-column h-column-container d-flex h-col-lg-auto h-col-md-auto h-col-auto style-5195-outer style-local-14385-c13-outer\">\n            <div data-colibri-id=\"14385-c13\" class=\"d-flex h-flex-basis h-column__inner h-px-lg-2 h-px-md-2 h-px-2 v-inner-lg-2 v-inner-md-2 v-inner-2 style-5195 style-local-14385-c13 position-relative\">\n              <!---->\n              <!---->\n              <div class=\"w-100 h-y-container h-column__content h-column__v-align flex-basis-100 align-self-lg-start align-self-md-start align-self-start\">\n                <!---->\n                <div data-colibri-id=\"14385-c14\" class=\"h-text h-text-component style-5196 style-local-14385-c14 position-relative h-element\">\n                  <!---->\n                  <!---->\n                  <div class=\"\">\n                    <h1>Your free digital guest card\n                      <br>\n                    <\/h1>\n                    <p>\n                      <br>\n                    <\/p>\n                  <\/div>\n                <\/div>\n                <div data-colibri-id=\"14385-c15\" class=\"h-text h-text-component style-5197 style-local-14385-c15 position-relative h-element\">\n                  <!---->\n                  <!---->\n                  <div class=\"\">\n                    <p>Please fill in the form after your reservation and give us ALL the names of the travellers.<\/p>\n                    <p>We will then check your reservation and pass the data on to the guest card operator, Grafschaft Bentheim Tourismus.\n                      <br>\n                    <\/p>\n                    <p>You will receive the guest card digitally by email from Grafschaft Bentheim Tourismus no earlier than three days before arrival*.<\/p>\n                  <\/div>\n                <\/div>\n              <\/div>\n            <\/div>\n          <\/div>\n        <\/div>\n      <\/div>\n      <div data-colibri-id=\"14385-c16\" class=\"h-row-container gutters-row-lg-2 gutters-row-md-2 gutters-row-0 gutters-row-v-lg-2 gutters-row-v-md-2 gutters-row-v-2 style-5183 style-local-14385-c16 position-relative\">\n        <!---->\n        <div class=\"h-row justify-content-lg-center justify-content-md-center justify-content-center align-items-lg-stretch align-items-md-stretch align-items-stretch gutters-col-lg-2 gutters-col-md-2 gutters-col-0 gutters-col-v-lg-2 gutters-col-v-md-2 gutters-col-v-2\">\n          <!---->\n          <div class=\"h-column h-column-container d-flex h-col-lg-auto h-col-md-auto h-col-auto style-5184-outer style-local-14385-c17-outer\">\n            <div data-colibri-id=\"14385-c17\" class=\"d-flex h-flex-basis h-column__inner h-px-lg-2 h-px-md-2 h-px-2 v-inner-lg-2 v-inner-md-2 v-inner-2 style-5184 style-local-14385-c17 position-relative\">\n              <!---->\n              <!---->\n              <div class=\"w-100 h-y-container h-column__content h-column__v-align flex-basis-100 align-self-lg-start align-self-md-start align-self-start\">\n                <!---->\n                <div data-colibri-id=\"14385-c18\" class=\"style-5182 style-local-14385-c18 position-relative h-element\">\n                  <!---->\n                  <div class=\"h-global-transition-all h-global-transition h-global-transition-all h-contact-form-shortcode\">\n<div class=\"wpcf7 no-js\" id=\"wpcf7-f14394-o1\" lang=\"de-DE\" dir=\"ltr\" data-wpcf7-id=\"14394\">\n<div class=\"screen-reader-response\"><p role=\"status\" aria-live=\"polite\" aria-atomic=\"true\"><\/p> <ul><\/ul><\/div>\n<form action=\"\/en_en\/wp-json\/wp\/v2\/pages\/14385#wpcf7-f14394-o1\" method=\"post\" class=\"wpcf7-form init\" aria-label=\"Contact form\" novalidate=\"novalidate\" data-status=\"init\" data-trp-original-action=\"\/en_en\/wp-json\/wp\/v2\/pages\/14385#wpcf7-f14394-o1\">\n<fieldset class=\"hidden-fields-container\"><input type=\"hidden\" name=\"_wpcf7\" value=\"14394\" \/><input type=\"hidden\" name=\"_wpcf7_version\" value=\"6.1.5\" \/><input type=\"hidden\" name=\"_wpcf7_locale\" value=\"de_DE\" \/><input type=\"hidden\" name=\"_wpcf7_unit_tag\" value=\"wpcf7-f14394-o1\" \/><input type=\"hidden\" name=\"_wpcf7_container_post\" value=\"0\" \/><input type=\"hidden\" name=\"_wpcf7_posted_data_hash\" value=\"\" \/><input type=\"hidden\" name=\"_wpcf7cf_hidden_group_fields\" value=\"[]\" \/><input type=\"hidden\" name=\"_wpcf7cf_hidden_groups\" value=\"[]\" \/><input type=\"hidden\" name=\"_wpcf7cf_visible_groups\" value=\"[]\" \/><input type=\"hidden\" name=\"_wpcf7cf_repeaters\" value=\"[]\" \/><input type=\"hidden\" name=\"_wpcf7cf_steps\" value=\"{}\" \/><input type=\"hidden\" name=\"_wpcf7cf_options\" value=\"{&quot;form_id&quot;:14394,&quot;conditions&quot;:[],&quot;settings&quot;:{&quot;animation&quot;:&quot;yes&quot;,&quot;animation_intime&quot;:200,&quot;animation_outtime&quot;:200,&quot;conditions_ui&quot;:&quot;normal&quot;,&quot;notice_dismissed&quot;:false,&quot;notice_dismissed_rollback-cf7-5.8.2&quot;:true,&quot;notice_dismissed_rollback-cf7-5.8.6&quot;:true}}\" \/><input type=\"hidden\" name=\"_wpcf7_recaptcha_response\" value=\"\" \/>\n<\/fieldset>\n<p><label><strong> Your reservation number:<\/strong> <span class=\"wpcf7-form-control-wrap\" data-name=\"reservierungsnummer\"><input size=\"40\" maxlength=\"400\" class=\"wpcf7-form-control wpcf7-text wpcf7-validates-as-required\" aria-required=\"true\" aria-invalid=\"false\" value=\"\" type=\"text\" name=\"reservierungsnummer\" \/><\/span> <\/label>\n<\/p>\n<p><strong>How did you book?<\/strong><span class=\"wpcf7-form-control-wrap\" data-name=\"buchungsweg\"><span class=\"wpcf7-form-control wpcf7-radio\"><span class=\"wpcf7-list-item first\"><label><input type=\"radio\" name=\"buchungsweg\" value=\"Vor Ort, per Telefon oder per e-Mail\" \/><span class=\"wpcf7-list-item-label\">On site, by phone or by e-mail<\/span><\/label><\/span><span class=\"wpcf7-list-item\"><label><input type=\"radio\" name=\"buchungsweg\" value=\"&uuml;ber heilemann.online (Homepage)\" \/><span class=\"wpcf7-list-item-label\">about heilemann.online (Homepage)<\/span><\/label><\/span><span class=\"wpcf7-list-item\"><label><input type=\"radio\" name=\"buchungsweg\" value=\"&uuml;ber booking.com\" \/><span class=\"wpcf7-list-item-label\">via booking.com<\/span><\/label><\/span><span class=\"wpcf7-list-item last\"><label><input type=\"radio\" name=\"buchungsweg\" value=\"anderer Buchungsweg\" \/><span class=\"wpcf7-list-item-label\">Other booking method<\/span><\/label><\/span><\/span><\/span>\n<\/p>\n<p><strong>Who would you like to order a guest card for?<\/strong>\n<\/p>\n<div class=\"cf7-repeater-container\">\n\t<div id=\"weitere-person\" class=\"cf7-repeater\">\n\t\t<div class=\"cf7-repeater-input-c\">\n\t\t\t<p><input type=\"hidden\" class=\"cf7-repeater-input\" value=\"custom_repeater\" name=\"weitere-person\" id=\"cf7-weitere-person\" \/>\n\t\t\t<\/p>\n\t\t<\/div>\n\t\t<div class=\"cf7-repeater-filed cf7-repeater-filed1\">\n\t\t\t<p><span class=\"wpcf7-form-control-wrap\" data-name=\"gastname-nachname\"><input size=\"40\" maxlength=\"400\" class=\"wpcf7-form-control wpcf7-text\" aria-invalid=\"false\" placeholder=\"Family name\" value=\"\" type=\"text\" name=\"gastname-nachname\" \/><\/span><span class=\"wpcf7-form-control-wrap\" data-name=\"gastname-vorname\"><input size=\"40\" maxlength=\"400\" class=\"wpcf7-form-control wpcf7-text\" aria-invalid=\"false\" placeholder=\"First name\" value=\"\" type=\"text\" name=\"gastname-vorname\" \/><\/span><span class=\"wpcf7-form-control-wrap\" data-name=\"alter\"><select class=\"wpcf7-form-control wpcf7-select\" aria-invalid=\"false\" name=\"alter\"><option value=\"\">Adult 18+ years<\/option><option value=\"Jugendlicher 13 -18 Jahre\">Adolescent 13 -18 years<\/option><option value=\"Kind 0-12 Jahre\">Child 0-12 years<\/option><\/select><\/span>\n\t\t\t<\/p>\n\t\t<\/div>\n\t<\/div>\n\t<div class=\"cf7-button-repeater\">\n\t\t<p><a data-count=\"1\" href=\"#\">Add New<\/a>\n\t\t<\/p>\n\t<\/div>\n<\/div>\n<p>&nbsp;\n<\/p>\n<p><strong>To which e-mail address would you like to receive the guest card?<\/strong><label> Your e-mail address <span class=\"wpcf7-form-control-wrap\" data-name=\"your-email\"><input size=\"40\" maxlength=\"400\" class=\"wpcf7-form-control wpcf7-email wpcf7-validates-as-required wpcf7-text wpcf7-validates-as-email\" autocomplete=\"email\" aria-required=\"true\" aria-invalid=\"false\" value=\"\" type=\"email\" name=\"your-email\" \/><\/span> <\/label>\n<\/p>\n<table style=\"border-collapse: collapse; width: 100%; height: 20px;\" border=\"0\">\n\t<tbody>\n\t\t<tr style=\"height: 20px;\">\n\t\t\t<td style=\"width: 5%; height: 20px;\">\n\t\t\t\t<h4><span class=\"wpcf7-form-control-wrap\" data-name=\"datenschutz\"><span class=\"wpcf7-form-control wpcf7-acceptance\"><span class=\"wpcf7-list-item\"><label><input type=\"checkbox\" name=\"datenschutz\" value=\"1\" aria-invalid=\"false\" \/><span class=\"wpcf7-list-item-label\"><\/h4>\n<\/td>\n<td style=\"width: 95%; height: 20px;\">\n<h4>The notes on the <a href=\"http:\/\/heilemann.online\/en_en\/datenschutzerklaerung\/\">Data protection<\/a> I have read and accept them*.<\/span><\/label><\/span><\/span><\/span><span style=\"color: #ff0000;\">This field is required.<\/span>\n\t\t\t\t<\/h4>\n\t\t\t<\/td>\n\t\t<\/tr>\n\t<\/tbody>\n<\/table>\n<p>&nbsp;<input class=\"wpcf7-form-control wpcf7-submit has-spinner\" type=\"submit\" value=\"Send\" \/>\n<\/p><p style=\"display: none !important;\" class=\"akismet-fields-container\" data-prefix=\"_wpcf7_ak_\"><label>&#916;<textarea name=\"_wpcf7_ak_hp_textarea\" cols=\"45\" rows=\"8\" maxlength=\"100\"><\/textarea><\/label><input type=\"hidden\" id=\"ak_js_1\" name=\"_wpcf7_ak_js\" value=\"64\"\/><script>document.getElementById( \"ak_js_1\" ).setAttribute( \"value\", ( new Date() ).getTime() );<\/script><\/p><div class=\"wpcf7-response-output\" aria-hidden=\"true\"><\/div>\n<input type=\"hidden\" name=\"trp-form-language\" value=\"en_en\"\/><\/form>\n<\/div>\n<\/div>\n                <\/div>\n              <\/div>\n            <\/div>\n          <\/div>\n        <\/div>\n      <\/div>\n      <div data-colibri-id=\"14385-c19\" class=\"h-row-container gutters-row-lg-2 gutters-row-md-2 gutters-row-0 gutters-row-v-lg-2 gutters-row-v-md-2 gutters-row-v-2 style-5179 style-local-14385-c19 position-relative\">\n        <!---->\n        <div class=\"h-row justify-content-lg-center justify-content-md-center justify-content-center align-items-lg-stretch align-items-md-stretch align-items-stretch gutters-col-lg-2 gutters-col-md-2 gutters-col-0 gutters-col-v-lg-2 gutters-col-v-md-2 gutters-col-v-2\">\n          <!---->\n          <div class=\"h-column h-column-container d-flex h-col-lg-auto h-col-md-auto h-col-auto style-5180-outer style-local-14385-c20-outer\">\n            <div data-colibri-id=\"14385-c20\" class=\"d-flex h-flex-basis h-column__inner h-px-lg-2 h-px-md-2 h-px-2 v-inner-lg-2 v-inner-md-2 v-inner-2 style-5180 style-local-14385-c20 position-relative\">\n              <!---->\n              <!---->\n              <div class=\"w-100 h-y-container h-column__content h-column__v-align flex-basis-100 align-self-lg-start align-self-md-start align-self-start\">\n                <!---->\n                <div data-colibri-id=\"14385-c21\" class=\"h-text h-text-component style-5198 style-local-14385-c21 position-relative h-element\">\n                  <!---->\n                  <!---->\n                  <div class=\"\">\n                    <p>*Grafschaft Bentheim Tourismus is the tourism promotion organisation of the county of Grafschaft Bentheim.\n                      <br>The provider of the map is the district of Grafschaft Bentheim\n                      <br>\n                    <\/p>\n                  <\/div>\n                <\/div>\n              <\/div>\n            <\/div>\n          <\/div>\n        <\/div>\n      <\/div>\n    <\/div>\n  <\/div>\n<\/div>","protected":false},"excerpt":{"rendered":"<p>Grafschafter G\u00e4stekarte Viele Rabatte und freie Fahrt in Bus &amp; Bahn! Als unser Gast kannst du kostenfrei eine &#8222;Grafschafter G\u00e4stekarte&#8220; erhalten. Damit erh\u00e4ltst du viele Verg\u00fcnstigungen und kannst den lokalen Nahverkehr kostenlos nutzen. Weitere Infos erh\u00e4ltst du auf der Seite unseres Tourismusverbandes. Weitere Infos Deine kostenfreie digitale G\u00e4stekarte Bitte f\u00fclle das Formular nach deiner Reservierung [&hellip;]<\/p>\n","protected":false},"author":1,"featured_media":0,"parent":0,"menu_order":0,"comment_status":"closed","ping_status":"closed","template":"page-templates\/full-width-page.php","meta":{"jetpack_post_was_ever_published":false,"footnotes":""},"class_list":["post-14385","page","type-page","status-publish","hentry"],"aioseo_notices":[],"jetpack_sharing_enabled":true,"jetpack_shortlink":"https:\/\/wp.me\/P9UL7P-3K1","_links":{"self":[{"href":"https:\/\/heilemann.online\/en_en\/wp-json\/wp\/v2\/pages\/14385","targetHints":{"allow":["GET"]}}],"collection":[{"href":"https:\/\/heilemann.online\/en_en\/wp-json\/wp\/v2\/pages"}],"about":[{"href":"https:\/\/heilemann.online\/en_en\/wp-json\/wp\/v2\/types\/page"}],"author":[{"embeddable":true,"href":"https:\/\/heilemann.online\/en_en\/wp-json\/wp\/v2\/users\/1"}],"replies":[{"embeddable":true,"href":"https:\/\/heilemann.online\/en_en\/wp-json\/wp\/v2\/comments?post=14385"}],"version-history":[{"count":11,"href":"https:\/\/heilemann.online\/en_en\/wp-json\/wp\/v2\/pages\/14385\/revisions"}],"predecessor-version":[{"id":17196,"href":"https:\/\/heilemann.online\/en_en\/wp-json\/wp\/v2\/pages\/14385\/revisions\/17196"}],"wp:attachment":[{"href":"https:\/\/heilemann.online\/en_en\/wp-json\/wp\/v2\/media?parent=14385"}],"curies":[{"name":"wp","href":"https:\/\/api.w.org\/{rel}","templated":true}]}}