{"id":117,"date":"2018-03-21T17:52:48","date_gmt":"2018-03-21T16:52:48","guid":{"rendered":"http:\/\/heilemann.online\/?page_id=117"},"modified":"2026-01-28T18:18:05","modified_gmt":"2026-01-28T17:18:05","slug":"impressum","status":"publish","type":"page","link":"https:\/\/heilemann.online\/en_en\/impressum\/","title":{"rendered":"Impressum"},"content":{"rendered":"<div data-colibri-id=\"117-c1\" class=\"style-6576 style-local-117-c1 position-relative\">\n  <!---->\n  <div data-colibri-component=\"section\" data-colibri-id=\"117-c6\" id=\"custom\" class=\"h-section h-section-global-spacing d-flex align-items-lg-center align-items-md-center align-items-center style-6581 style-local-117-c6 position-relative\">\n    <!---->\n    <!---->\n    <div class=\"h-section-grid-container h-section-boxed-container\">\n      <!---->\n      <div data-colibri-id=\"117-c7\" class=\"h-row-container gutters-row-lg-2 gutters-row-md-2 gutters-row-0 gutters-row-v-lg-2 gutters-row-v-md-2 gutters-row-v-2 style-6582 style-local-117-c7 position-relative\">\n        <!---->\n        <div class=\"h-row justify-content-lg-center justify-content-md-center justify-content-center align-items-lg-stretch align-items-md-stretch align-items-stretch gutters-col-lg-2 gutters-col-md-2 gutters-col-0 gutters-col-v-lg-2 gutters-col-v-md-2 gutters-col-v-2\">\n          <!---->\n          <div class=\"h-column h-column-container d-flex h-col-lg-auto h-col-md-auto h-col-auto style-6583-outer style-local-117-c8-outer\">\n            <div data-colibri-id=\"117-c8\" class=\"d-flex h-flex-basis h-column__inner h-px-lg-2 h-px-md-2 h-px-2 v-inner-lg-2 v-inner-md-2 v-inner-2 style-6583 style-local-117-c8 position-relative\">\n              <!---->\n              <!---->\n              <div class=\"w-100 h-y-container h-column__content h-column__v-align flex-basis-100 align-self-lg-start align-self-md-start align-self-start\">\n                <!---->\n                <div data-colibri-id=\"117-c11\" class=\"h-text h-text-component style-6586 style-local-117-c11 position-relative h-element\">\n                  <!---->\n                  <!---->\n                  <div class=\"\">\n                    <h1>Impressum<\/h1>\n                  <\/div>\n                <\/div>\n                <div data-colibri-id=\"117-c9\" class=\"h-text h-text-component style-6584 style-local-117-c9 position-relative h-element\">\n                  <!---->\n                  <!---->\n                  <div class=\"\">\n                    <p>H&amp;G Heilemann GmbH\n                      <br> Neuenhauser Stra\u00dfe 4\n                      <br> 49835 Wietmarschen<\/br>\nGermany\n                      <br> Telefon: +49 (0)5925 255<\/p>\n                    <p>Fax: +49 (0)5925 1752<\/p>\n                    <p>E-Mail:\n                      <a href=\"mailto:info@heilemann.online\">info@heilemann.online<\/a>\n                    <\/p>\n                    <p>Managing Directors: Daniel Maximilian Heilemann, Monika Heilemann<\/p>\n                  <\/div>\n                <\/div>\n                <div data-colibri-id=\"117-c10\" class=\"h-text h-text-component style-6585 style-local-117-c10 position-relative h-element\">\n                  <!---->\n                  <!---->\n                  <div class=\"\">\n                    <p>1. content of the online offer\n                      <br> The author accepts no responsibility for the topicality, correctness, completeness or quality of the information provided. Liability claims against the author relating to material or immaterial damage\ncaused by the use or non-use of the information provided or by the use of incorrect or incomplete information are excluded, unless there is evidence of wilful intent or gross negligence on the part of the author.\n                      intentional or grossly negligent fault on the part of the author. All offers are subject to change and non-binding. The author expressly reserves the right to change, supplement or delete parts of the pages or the entire offer without prior notice,\n                      or to discontinue publication temporarily or permanently.<\/p>\n                    <p>2. references and links\n                      <br> In the case of direct or indirect references to external websites (\"links\") that are outside the author's area of responsibility, liability would only arise in the event that the author\n                      was aware of the content and it would have been technically possible and reasonable for him to prevent use in the event of illegal content. The author therefore expressly declares that at the time the links were created, the linked pages were free of illegal content.\n                      The author has no influence whatsoever on the current and future design and content of the linked pages. Therefore, he hereby expressly distances himself\n                      from all content on all linked pages that has been changed since the links were created. This statement applies to all links and references within the author's own website as well as to external entries in guest books, discussion forums and mailing lists set up by the\n                      author. For illegal, incorrect or incomplete content and in particular for damage resulting from the use or non-use of such information\n                      , the provider of the page to which reference is made is solely liable, not the person who merely refers to the respective publication via links.<\/p>\n                    <p>3. copyright and labelling law\n                      <br> The author endeavours to observe the copyrights of the graphics, sound documents, video sequences and texts used in all publications, to use graphics, sound documents, video sequences and texts created by himself or to make use of licence-free graphics, sound documents, video sequences and texts. All brands and trademarks mentioned on the website and possibly protected by third parties are subject without restriction to the provisions of the applicable trademark law and the ownership rights of the respective registered owners. The mere mention of a trade mark does not imply that it is not protected by third-party rights! The copyright for published objects created by the author himself remains solely with the author of the pages. Any duplication or use of objects such as diagrams, sounds or texts in other electronic or printed publications is not permitted without the author's agreement.<\/p>\n                    <p>4. data protection\n                      <br> If the opportunity for the input of personal or business data (email addresses, name, addresses) is given, the input of these data takes place voluntarily. The use of and payment for all services offered is - insofar as technically possible and reasonable - also permitted without entering such data or by entering anonymised data or a pseudonym<\/p>\n                    <p>5 Legal validity of this disclaimer\n                      <br> This disclaimer is to be regarded as part of the internet publication which you were referred from. If sections or individual terms of this statement are not legal or correct, the content or validity of the other parts remain uninfluenced by this fact.<\/p>\n                  <\/div>\n                <\/div>\n              <\/div>\n            <\/div>\n          <\/div>\n        <\/div>\n      <\/div>\n    <\/div>\n  <\/div>\n<\/div>","protected":false},"excerpt":{"rendered":"<p>Impressum H&amp;G Heilemann GmbH Neuenhauser Stra\u00dfe 4 49835 Wietmarschen Telefon: +49 (0)5925 255 Fax: +49 (0)5925 1752 E-Mail: info@heilemann.online Gesch\u00e4ftsf\u00fchrer: Daniel Maximilian Heilemann, Monika Heilemann 1. Inhalt des Onlineangebotes Der Autor \u00fcbernimmt keinerlei Gew\u00e4hr f\u00fcr die Aktualit\u00e4t, Korrektheit, Vollst\u00e4ndigkeit oder Qualit\u00e4t der bereitgestellten Informationen. Haftungsanspr\u00fcche gegen den Autor, welche sich auf Sch\u00e4den materieller oder ideeller [&hellip;]<\/p>\n","protected":false},"author":1,"featured_media":0,"parent":0,"menu_order":0,"comment_status":"closed","ping_status":"closed","template":"page-templates\/full-width-page.php","meta":{"jetpack_post_was_ever_published":false,"footnotes":""},"class_list":["post-117","page","type-page","status-publish","hentry"],"aioseo_notices":[],"jetpack_sharing_enabled":true,"jetpack_shortlink":"https:\/\/wp.me\/P9UL7P-1T","_links":{"self":[{"href":"https:\/\/heilemann.online\/en_en\/wp-json\/wp\/v2\/pages\/117","targetHints":{"allow":["GET"]}}],"collection":[{"href":"https:\/\/heilemann.online\/en_en\/wp-json\/wp\/v2\/pages"}],"about":[{"href":"https:\/\/heilemann.online\/en_en\/wp-json\/wp\/v2\/types\/page"}],"author":[{"embeddable":true,"href":"https:\/\/heilemann.online\/en_en\/wp-json\/wp\/v2\/users\/1"}],"replies":[{"embeddable":true,"href":"https:\/\/heilemann.online\/en_en\/wp-json\/wp\/v2\/comments?post=117"}],"version-history":[{"count":5,"href":"https:\/\/heilemann.online\/en_en\/wp-json\/wp\/v2\/pages\/117\/revisions"}],"predecessor-version":[{"id":19718,"href":"https:\/\/heilemann.online\/en_en\/wp-json\/wp\/v2\/pages\/117\/revisions\/19718"}],"wp:attachment":[{"href":"https:\/\/heilemann.online\/en_en\/wp-json\/wp\/v2\/media?parent=117"}],"curies":[{"name":"wp","href":"https:\/\/api.w.org\/{rel}","templated":true}]}}